{"id":827,"date":"2018-09-13T19:36:11","date_gmt":"2018-09-13T19:36:11","guid":{"rendered":"https:\/\/galvanizacija.lampic.si\/?page_id=827"},"modified":"2018-10-01T20:08:47","modified_gmt":"2018-10-01T20:08:47","slug":"krom-2","status":"publish","type":"page","link":"https:\/\/galvanizacija.lampic.si\/en\/krom-2\/","title":{"rendered":"Auto Draft"},"content":{"rendered":"\n  <div class=\"banner has-hover\" id=\"banner-1174964539\">\n          <div class=\"banner-inner fill\">\n        <div class=\"banner-bg fill\" >\n            <div class=\"bg fill bg-fill \"><\/div>\n                        <div class=\"overlay\"><\/div>            \n                    <\/div><!-- bg-layers -->\n        <div class=\"banner-layers container\">\n            <div class=\"fill banner-link\"><\/div>            \n   <div id=\"text-box-638507931\" class=\"text-box banner-layer x90 md-x90 lg-x90 y50 md-y50 lg-y50 res-text\">\n                     <div data-animate=\"fadeInRight\">           <div class=\"text box-shadow-3 dark\">\n              \n              <div class=\"text-inner text-center\">\n                  \n<h2 class=\"uppercase\"><strong>KROM<\/strong><\/h2>\n<p>svetli krom &#8211; mat krom &#8211; satiniran krom &#8211; \u010drn krom<\/p>\n              <\/div>\n           <\/div><!-- text-box-inner -->\n       <\/div>                     \n<style scope=\"scope\">\n\n#text-box-638507931 .text {\n  background-color: rgba(0, 0, 0, 0.41);\n  font-size: 167%;\n}\n#text-box-638507931 .text-inner {\n  padding: 30px 30px 30px 30px;\n}\n#text-box-638507931 {\n  width: 60%;\n}\n\n\n@media (min-width:550px) {\n\n  #text-box-638507931 {\n    width: 32%;\n  }\n\n}\n<\/style>\n    <\/div><!-- text-box -->\n \n        <\/div><!-- .banner-layers -->\n      <\/div><!-- .banner-inner -->\n\n            \n<style scope=\"scope\">\n\n#banner-1174964539 {\n  padding-top: 342px;\n}\n#banner-1174964539 .bg.bg-loaded {\n  background-image: url(https:\/\/galvanizacija.lampic.si\/wp-content\/uploads\/2018\/09\/cevi.378.jpg);\n}\n#banner-1174964539 .overlay {\n  background-color: rgba(0, 0, 0, 0.2);\n}\n<\/style>\n  <\/div><!-- .banner -->\n\n\n<div class=\"row\"  id=\"row-2127904831\">\n<div class=\"col small-12 large-12\"  ><div class=\"col-inner\"  >\n<h1>\u00a0Krom<\/h1>\n<p>Krom prikazuje svoje plemenite zna\u010dilnosti v sodobnem slogu in \u010diste linije. Dodaja dotik modre barve in sijaj na predmete, ki ne izginejo skozi \u010das in so tako vsestranske, da se me\u0161a z vsemi okrasnimi okolji. Zaradi sijaja in trajnosti je za mnoge industrijske in potro\u0161ni\u0161ke aplikacije nepogre\u0161ljiv. Trajni material je odporen na praske in je enostaven za nego.\u00a0 Pogosto so kromirani deli na motornih vozilih in motornih kolesih imenovani kromirani deli, \u010deprav imajo komponente samo tanko plast kroma. Kromiranje je mogo\u010de uporabiti za kovine, kot so jeklo, nerjavno jeklo, aluminij, medenina, baker in cink iz litja.<\/p>\n<\/div><\/div>\n<\/div>\n<div class=\"row align-right row-box-shadow-3\"  id=\"row-1981388508\">\n<div class=\"col medium-3 small-6 large-3\"  ><div class=\"col-inner\"  >\n\t<div class=\"img has-hover x md-x lg-x y md-y lg-y\" id=\"image_1119283991\">\n\t\t<a class=\"image-lightbox lightbox-gallery\" href=\"https:\/\/galvanizacija.lampic.si\/wp-content\/uploads\/2018\/09\/cevi.404.jpg\">\t\t\t\t\t\t<div class=\"img-inner image-cover dark\" style=\"padding-top:75%;\">\n\t\t\t<img loading=\"lazy\" decoding=\"async\" width=\"800\" height=\"600\" src=\"https:\/\/galvanizacija.lampic.si\/wp-content\/uploads\/2018\/09\/cevi.404.jpg\" class=\"attachment-original size-original\" alt=\"\" srcset=\"https:\/\/galvanizacija.lampic.si\/wp-content\/uploads\/2018\/09\/cevi.404.jpg 800w, https:\/\/galvanizacija.lampic.si\/wp-content\/uploads\/2018\/09\/cevi.404-300x225.jpg 300w, https:\/\/galvanizacija.lampic.si\/wp-content\/uploads\/2018\/09\/cevi.404-768x576.jpg 768w\" sizes=\"(max-width: 800px) 100vw, 800px\" \/>\t\t\t\t\t\t\n\t\t\t\t\t<\/div>\n\t\t\t\t\t\t<\/a>\t\t\n<style scope=\"scope\">\n\n#image_1119283991 {\n  width: 100%;\n}\n<\/style>\n\t<\/div>\n\t\n<h2 class=\"lead thin-font\" style=\"text-align: center;\" data-animate=\"fadeIn\" data-animated=\"true\" data-animated=\"true\"><strong>KROM<\/strong> <span style=\"font-size: 75%;\">svetli<\/span><\/h2>\n<\/div><\/div>\n<div class=\"col medium-3 small-6 large-3\"  ><div class=\"col-inner\"  >\n\t<div class=\"img has-hover x md-x lg-x y md-y lg-y\" id=\"image_943359450\">\n\t\t<a class=\"image-lightbox lightbox-gallery\" href=\"https:\/\/galvanizacija.lampic.si\/wp-content\/uploads\/2018\/09\/cevi.388-1024x577.jpg\">\t\t\t\t\t\t<div class=\"img-inner image-cover dark\" style=\"padding-top:75%;\">\n\t\t\t<img loading=\"lazy\" decoding=\"async\" width=\"1024\" height=\"577\" src=\"https:\/\/galvanizacija.lampic.si\/wp-content\/uploads\/2018\/09\/cevi.388.jpg\" class=\"attachment-original size-original\" alt=\"\" srcset=\"https:\/\/galvanizacija.lampic.si\/wp-content\/uploads\/2018\/09\/cevi.388.jpg 1024w, https:\/\/galvanizacija.lampic.si\/wp-content\/uploads\/2018\/09\/cevi.388-300x169.jpg 300w, https:\/\/galvanizacija.lampic.si\/wp-content\/uploads\/2018\/09\/cevi.388-768x433.jpg 768w\" sizes=\"(max-width: 1024px) 100vw, 1024px\" \/>\t\t\t\t\t\t\n\t\t\t\t\t<\/div>\n\t\t\t\t\t\t<\/a>\t\t\n<style scope=\"scope\">\n\n#image_943359450 {\n  width: 100%;\n}\n<\/style>\n\t<\/div>\n\t\n<h2 class=\"lead thin-font\" style=\"text-align: center;\" data-animate=\"fadeIn\" data-animated=\"true\" data-animated=\"true\"><strong>KROM<\/strong> <span style=\"font-size: 75%;\">\u010drni svetli<\/span><\/h2>\n<\/div><\/div>\n<div class=\"col medium-3 small-6 large-3\"  ><div class=\"col-inner\"  >\n\t<div class=\"img has-hover x md-x lg-x y md-y lg-y\" id=\"image_1402709415\">\n\t\t<a class=\"image-lightbox lightbox-gallery\" href=\"https:\/\/galvanizacija.lampic.si\/wp-content\/uploads\/2018\/09\/matkrom.jpg\">\t\t\t\t\t\t<div class=\"img-inner image-cover dark\" style=\"padding-top:75%;\">\n\t\t\t<img loading=\"lazy\" decoding=\"async\" width=\"800\" height=\"600\" src=\"https:\/\/galvanizacija.lampic.si\/wp-content\/uploads\/2018\/09\/matkrom.jpg\" class=\"attachment-original size-original\" alt=\"\" srcset=\"https:\/\/galvanizacija.lampic.si\/wp-content\/uploads\/2018\/09\/matkrom.jpg 800w, https:\/\/galvanizacija.lampic.si\/wp-content\/uploads\/2018\/09\/matkrom-300x225.jpg 300w, https:\/\/galvanizacija.lampic.si\/wp-content\/uploads\/2018\/09\/matkrom-768x576.jpg 768w\" sizes=\"(max-width: 800px) 100vw, 800px\" \/>\t\t\t\t\t\t\n\t\t\t\t\t<\/div>\n\t\t\t\t\t\t<\/a>\t\t\n<style scope=\"scope\">\n\n#image_1402709415 {\n  width: 100%;\n}\n<\/style>\n\t<\/div>\n\t\n<h2 class=\"lead thin-font\" style=\"text-align: center;\" data-animate=\"fadeIn\" data-animated=\"true\" data-animated=\"true\"><strong>KROM<\/strong> <span style=\"font-size: 75%;\">mat<\/span><\/h2>\n<\/div><\/div>\n<div class=\"col medium-3 small-6 large-3\"  ><div class=\"col-inner\"  >\n\t<div class=\"img has-hover x md-x lg-x y md-y lg-y\" id=\"image_2105651760\">\n\t\t<a class=\"image-lightbox lightbox-gallery\" href=\"https:\/\/galvanizacija.lampic.si\/wp-content\/uploads\/2018\/09\/matcrnkrom.409.jpg\">\t\t\t\t\t\t<div class=\"img-inner image-cover dark\" style=\"padding-top:75%;\">\n\t\t\t<img loading=\"lazy\" decoding=\"async\" width=\"800\" height=\"600\" src=\"https:\/\/galvanizacija.lampic.si\/wp-content\/uploads\/2018\/09\/matcrnkrom.409.jpg\" class=\"attachment-original size-original\" alt=\"\" srcset=\"https:\/\/galvanizacija.lampic.si\/wp-content\/uploads\/2018\/09\/matcrnkrom.409.jpg 800w, https:\/\/galvanizacija.lampic.si\/wp-content\/uploads\/2018\/09\/matcrnkrom.409-300x225.jpg 300w, https:\/\/galvanizacija.lampic.si\/wp-content\/uploads\/2018\/09\/matcrnkrom.409-768x576.jpg 768w\" sizes=\"(max-width: 800px) 100vw, 800px\" \/>\t\t\t\t\t\t\n\t\t\t\t\t<\/div>\n\t\t\t\t\t\t<\/a>\t\t\n<style scope=\"scope\">\n\n#image_2105651760 {\n  width: 100%;\n}\n<\/style>\n\t<\/div>\n\t\n<h2 class=\"lead thin-font\" style=\"text-align: center;\" data-animate=\"fadeIn\" data-animated=\"true\" data-animated=\"true\"><strong>KROM<\/strong> <span style=\"font-size: 75%;\">\u010drni mat<\/span><\/h2>\n<\/div><\/div>\n\n<style scope=\"scope\">\n\n#row-1981388508 > .col > .col-inner {\n  background-color: rgb(37, 37, 37);\n}\n<\/style>\n<\/div>\n<div class=\"row\"  id=\"row-1278398411\">\n<div class=\"col small-12 large-12\"  ><div class=\"col-inner\"  >\n<p>Kromova povr\u0161ina se nana\u0161a na debel nanos podlage niklkja. Je dolgotrajna in robustna obdelava, ki ni nagnjena k obrabi in praskam.<\/p>\n<\/div><\/div>\n<\/div>\n<div class=\"row row-box-shadow-2\"  id=\"row-508569311\">\n<div class=\"col medium-3 small-6 large-3\"  ><div class=\"col-inner text-shadow-1\" style=\"padding:15px 16px 0px 13px;\" >\n\t<div class=\"img has-hover x md-x lg-x y md-y lg-y\" id=\"image_350477705\">\n\t\t<a class=\"image-lightbox lightbox-gallery\" href=\"https:\/\/galvanizacija.lampic.si\/wp-content\/uploads\/2018\/09\/kromluc.jpg\">\t\t\t\t\t\t<div class=\"img-inner image-cover dark\" style=\"padding-top:75%;\">\n\t\t\t<img loading=\"lazy\" decoding=\"async\" width=\"800\" height=\"800\" src=\"https:\/\/galvanizacija.lampic.si\/wp-content\/uploads\/2018\/09\/kromluc.jpg\" class=\"attachment-large size-large\" alt=\"\" srcset=\"https:\/\/galvanizacija.lampic.si\/wp-content\/uploads\/2018\/09\/kromluc.jpg 800w, https:\/\/galvanizacija.lampic.si\/wp-content\/uploads\/2018\/09\/kromluc-150x150.jpg 150w, https:\/\/galvanizacija.lampic.si\/wp-content\/uploads\/2018\/09\/kromluc-300x300.jpg 300w, https:\/\/galvanizacija.lampic.si\/wp-content\/uploads\/2018\/09\/kromluc-768x768.jpg 768w\" sizes=\"(max-width: 800px) 100vw, 800px\" \/>\t\t\t\t\t\t\n\t\t\t\t\t<\/div>\n\t\t\t\t\t\t<\/a>\t\t\n<style scope=\"scope\">\n\n#image_350477705 {\n  width: 100%;\n}\n<\/style>\n\t<\/div>\n\t\n<p>Stropna svetilka<\/p>\n<\/div><\/div>\n<div class=\"col medium-3 small-6 large-3\"  ><div class=\"col-inner\"  >\n<\/div><\/div>\n\n<style scope=\"scope\">\n\n#row-508569311 > .col > .col-inner {\n  background-color: rgb(37, 37, 37);\n}\n<\/style>\n<\/div>\n\t<div class=\"img has-hover x md-x lg-x y md-y lg-y\" id=\"image_1650861715\">\n\t\t\t\t\t\t\t\t<div class=\"img-inner image-cover dark\" style=\"padding-top:62px;\">\n\t\t\t<img loading=\"lazy\" decoding=\"async\" width=\"1013\" height=\"105\" src=\"https:\/\/galvanizacija.lampic.si\/wp-content\/uploads\/2018\/09\/footer.jpg\" class=\"attachment-original size-original\" alt=\"\" srcset=\"https:\/\/galvanizacija.lampic.si\/wp-content\/uploads\/2018\/09\/footer.jpg 1013w, https:\/\/galvanizacija.lampic.si\/wp-content\/uploads\/2018\/09\/footer-300x31.jpg 300w, https:\/\/galvanizacija.lampic.si\/wp-content\/uploads\/2018\/09\/footer-768x80.jpg 768w\" sizes=\"(max-width: 1013px) 100vw, 1013px\" \/>\t\t\t\t\t\t\n\t\t\t\t\t<\/div>\n\t\t\t\t\t\t\t\t\n<style scope=\"scope\">\n\n#image_1650861715 {\n  width: 100%;\n}\n<\/style>\n\t<\/div>\n\t\n","protected":false},"excerpt":{"rendered":"","protected":false},"author":1,"featured_media":0,"parent":0,"menu_order":0,"comment_status":"closed","ping_status":"closed","template":"page-blank.php","meta":{"footnotes":""},"_links":{"self":[{"href":"https:\/\/galvanizacija.lampic.si\/en\/wp-json\/wp\/v2\/pages\/827"}],"collection":[{"href":"https:\/\/galvanizacija.lampic.si\/en\/wp-json\/wp\/v2\/pages"}],"about":[{"href":"https:\/\/galvanizacija.lampic.si\/en\/wp-json\/wp\/v2\/types\/page"}],"author":[{"embeddable":true,"href":"https:\/\/galvanizacija.lampic.si\/en\/wp-json\/wp\/v2\/users\/1"}],"replies":[{"embeddable":true,"href":"https:\/\/galvanizacija.lampic.si\/en\/wp-json\/wp\/v2\/comments?post=827"}],"version-history":[{"count":46,"href":"https:\/\/galvanizacija.lampic.si\/en\/wp-json\/wp\/v2\/pages\/827\/revisions"}],"predecessor-version":[{"id":1029,"href":"https:\/\/galvanizacija.lampic.si\/en\/wp-json\/wp\/v2\/pages\/827\/revisions\/1029"}],"wp:attachment":[{"href":"https:\/\/galvanizacija.lampic.si\/en\/wp-json\/wp\/v2\/media?parent=827"}],"curies":[{"name":"wp","href":"https:\/\/api.w.org\/{rel}","templated":true}]}}