{"id":786,"date":"2018-04-24T20:15:16","date_gmt":"2018-04-24T20:15:16","guid":{"rendered":"https:\/\/galvanizacija.lampic.si\/?page_id=786"},"modified":"2020-08-28T09:47:52","modified_gmt":"2020-08-28T09:47:52","slug":"english-elektro-poliranje","status":"publish","type":"page","link":"https:\/\/galvanizacija.lampic.si\/en\/english-elektro-poliranje\/","title":{"rendered":"Elektro poliranje"},"content":{"rendered":"<div class=\"banner has-hover\" id=\"banner-1465959268\">\n          <div class=\"banner-inner fill\">\n        <div class=\"banner-bg fill\" >\n            <div class=\"bg fill bg-fill \"><\/div>\n                        <div class=\"overlay\"><\/div>            \n                    <\/div><!-- bg-layers -->\n        <div class=\"banner-layers container\">\n            <div class=\"fill banner-link\"><\/div>            \n   <div id=\"text-box-1611936973\" class=\"text-box banner-layer x90 md-x90 lg-x90 y15 md-y15 lg-y15 res-text\">\n                                <div class=\"text box-shadow-3 dark\">\n              \n              <div class=\"text-inner text-center\">\n                  \n<h2>ELEKTRO KEMI\u010cNO<\/h2>\n<h2>POLIRANJE INOXA<\/h2>\n              <\/div>\n           <\/div><!-- text-box-inner -->\n                            \n<style scope=\"scope\">\n\n#text-box-1611936973 .text {\n  background-color: rgba(0, 0, 0, 0.26);\n  font-size: 100%;\n}\n#text-box-1611936973 .text-inner {\n  padding: 30px 30px 30px 30px;\n}\n#text-box-1611936973 {\n  width: 60%;\n}\n\n\n@media (min-width:550px) {\n\n  #text-box-1611936973 {\n    width: 40%;\n  }\n\n}\n<\/style>\n    <\/div><!-- text-box -->\n \n        <\/div><!-- .banner-layers -->\n      <\/div><!-- .banner-inner -->\n\n            \n<style scope=\"scope\">\n\n#banner-1465959268 {\n  padding-top: 273px;\n}\n#banner-1465959268 .bg.bg-loaded {\n  background-image: url(https:\/\/galvanizacija.lampic.si\/wp-content\/uploads\/2018\/09\/cevi.403-1024x309.jpg);\n}\n#banner-1465959268 .overlay {\n  background-color: rgba(0, 0, 0, 0.2);\n}\n<\/style>\n  <\/div><!-- .banner -->\n\n\n<div class=\"row\"  id=\"row-2068560319\">\n<div class=\"col medium-4 small-12 large-4\"  ><div class=\"col-inner\"  >\n\t<div class=\"img has-hover x md-x lg-x y md-y lg-y\" id=\"image_351002123\">\n\t\t<a class=\"image-lightbox lightbox-gallery\" href=\"https:\/\/galvanizacija.lampic.si\/wp-content\/uploads\/2018\/09\/kolena-1024x568.jpg\">\t\t\t\t\t\t<div class=\"img-inner dark\" >\n\t\t\t<img loading=\"lazy\" decoding=\"async\" width=\"1020\" height=\"566\" src=\"https:\/\/galvanizacija.lampic.si\/wp-content\/uploads\/2018\/09\/kolena-1024x568.jpg\" class=\"attachment-large size-large\" alt=\"\" srcset=\"https:\/\/galvanizacija.lampic.si\/wp-content\/uploads\/2018\/09\/kolena-1024x568.jpg 1024w, https:\/\/galvanizacija.lampic.si\/wp-content\/uploads\/2018\/09\/kolena-300x167.jpg 300w, https:\/\/galvanizacija.lampic.si\/wp-content\/uploads\/2018\/09\/kolena-768x426.jpg 768w, https:\/\/galvanizacija.lampic.si\/wp-content\/uploads\/2018\/09\/kolena.jpg 1200w\" sizes=\"(max-width: 1020px) 100vw, 1020px\" \/>\t\t\t\t\t\t\n\t\t\t\t\t<\/div>\n\t\t\t\t\t\t<\/a>\t\t\n<style scope=\"scope\">\n\n#image_351002123 {\n  width: 100%;\n}\n<\/style>\n\t<\/div>\n\t\n<\/div><\/div>\n<div class=\"col medium-6 small-12 large-6\"  ><div class=\"col-inner\"  >\n\t<div class=\"img has-hover x md-x lg-x y md-y lg-y\" id=\"image_510093004\">\n\t\t\t\t\t\t\t\t<div class=\"img-inner dark\" >\n\t\t\t<img loading=\"lazy\" decoding=\"async\" width=\"300\" height=\"300\" src=\"https:\/\/galvanizacija.lampic.si\/wp-content\/uploads\/2018\/06\/Poliranje2-300x300.jpg\" class=\"attachment-medium size-medium\" alt=\"\" srcset=\"https:\/\/galvanizacija.lampic.si\/wp-content\/uploads\/2018\/06\/Poliranje2-300x300.jpg 300w, https:\/\/galvanizacija.lampic.si\/wp-content\/uploads\/2018\/06\/Poliranje2-150x150.jpg 150w, https:\/\/galvanizacija.lampic.si\/wp-content\/uploads\/2018\/06\/Poliranje2.jpg 750w\" sizes=\"(max-width: 300px) 100vw, 300px\" \/>\t\t\t\t\t\t\n\t\t\t\t\t<\/div>\n\t\t\t\t\t\t\t\t\n<style scope=\"scope\">\n\n#image_510093004 {\n  width: 37%;\n}\n<\/style>\n\t<\/div>\n\t\n<\/div><\/div>\n<\/div>\n<div class=\"row\"  id=\"row-1833359451\">\n<div class=\"col small-12 large-12\"  ><div class=\"col-inner\"  >\n<h3 class=\"accordion_title\">Pogosta vpra\u0161anja<\/h3><div class=\"accordion\" rel=\"\">\n<div class=\"accordion-item\"><a href=\"#\" class=\"accordion-title plain\"><button class=\"toggle\"><i class=\"icon-angle-down\"><\/i><\/button><span>Izbira materiala<\/span><\/a><div class=\"accordion-inner\">\n\n<table border=\"0\" cellspacing=\"0\">\n<colgroup width=\"153\"><\/colgroup>\n<colgroup width=\"513\"><\/colgroup>\n<tbody>\n<tr>\n<td align=\"center\" height=\"42\"><b><span style=\"font-family: 'Liberation Serif';\">200-300SERIJA<br \/>\nINOX -a<\/span><\/b><\/td>\n<td align=\"center\"><b><span style=\"font-family: 'Liberation Serif';\">Opis<\/span><\/b><\/td>\n<\/tr>\n<tr>\n<td align=\"right\" height=\"17\"><span style=\"font-family: 'Liberation Serif';\">201<\/span><\/td>\n<td align=\"left\"><span style=\"font-family: 'Liberation Serif';\">Lepa svetla povr\u0161ina po Elektro poliranju<\/span><\/td>\n<\/tr>\n<tr>\n<td align=\"right\" height=\"17\"><span style=\"font-family: 'Liberation Serif';\">202<\/span><\/td>\n<td align=\"left\"><span style=\"font-family: 'Liberation Serif';\">Lepa svetla povr\u0161ina po Elektro poliranju<\/span><\/td>\n<\/tr>\n<tr>\n<td align=\"right\" height=\"17\"><span style=\"font-family: 'Liberation Serif';\">203EZ<\/span><\/td>\n<td align=\"left\"><span style=\"font-family: 'Liberation Serif';\">Lepa svetla povr\u0161ina po Elektro poliranju<\/span><\/td>\n<\/tr>\n<tr>\n<td align=\"right\" height=\"17\"><span style=\"font-family: 'Liberation Serif';\">301<\/span><\/td>\n<td align=\"left\"><span style=\"font-family: 'Liberation Serif';\">Lepa svetla povr\u0161ina po Elektro poliranju<\/span><\/td>\n<\/tr>\n<tr>\n<td align=\"right\" height=\"17\"><span style=\"font-family: 'Liberation Serif';\">302<\/span><\/td>\n<td align=\"left\"><span style=\"font-family: 'Liberation Serif';\">Lepa svetla povr\u0161ina po Elektro poliranju<\/span><\/td>\n<\/tr>\n<tr>\n<td align=\"right\" height=\"17\"><span style=\"font-family: 'Liberation Serif';\">303<\/span><\/td>\n<td align=\"left\"><span style=\"font-family: 'Liberation Serif';\">Lepa svetla povr\u0161ina po Elektro poliranju<\/span><\/td>\n<\/tr>\n<tr>\n<td align=\"right\" height=\"17\"><span style=\"font-family: 'Liberation Serif';\">304<\/span><\/td>\n<td align=\"left\"><span style=\"font-family: 'Liberation Serif';\">Lepa svetla povr\u0161ina po Elektro poliranju<\/span><\/td>\n<\/tr>\n<tr>\n<td align=\"right\" height=\"17\"><span style=\"font-family: 'Liberation Serif';\">305<\/span><\/td>\n<td align=\"left\"><span style=\"font-family: 'Liberation Serif';\">Lepa svetla povr\u0161ina po Elektro poliranju<\/span><\/td>\n<\/tr>\n<tr>\n<td align=\"right\" height=\"17\"><span style=\"font-family: 'Liberation Serif';\">316<\/span><\/td>\n<td align=\"left\"><span style=\"font-family: 'Liberation Serif';\">Izvrstna povr\u0161ina po poliranju (KROM EFEKT)<\/span><\/td>\n<\/tr>\n<tr>\n<td align=\"right\" height=\"17\"><span style=\"font-family: 'Liberation Serif';\">321<\/span><\/td>\n<td align=\"left\"><span style=\"font-family: 'Liberation Serif';\">Izvrstna povr\u0161ina po poliranju (KROM EFEKT)<\/span><\/td>\n<\/tr>\n<tr>\n<td align=\"right\" height=\"17\"><span style=\"font-family: 'Liberation Serif';\">347<\/span><\/td>\n<td align=\"left\"><span style=\"font-family: 'Liberation Serif';\">Izvrstna povr\u0161ina po poliranju (KROM EFEKT)<\/span><\/td>\n<\/tr>\n<tr>\n<td align=\"right\" height=\"17\"><span style=\"font-family: 'Liberation Serif';\">304 Sintered<\/span><\/td>\n<td align=\"left\"><span style=\"font-family: 'Liberation Serif';\">Siva satinirna povr\u0161ina po Elektro poliranju<\/span><\/td>\n<\/tr>\n<tr>\n<td align=\"right\" height=\"17\"><span style=\"font-family: 'Liberation Serif';\">2205 Duplex (318)<\/span><\/td>\n<td align=\"left\"><span style=\"font-family: 'Liberation Serif';\">Izvrstna povr\u0161ina po poliranju (KROM EFEKT)<\/span><\/td>\n<\/tr>\n<tr>\n<td align=\"right\" height=\"17\"><span style=\"font-family: 'Liberation Serif';\">330 (cast)<\/span><\/td>\n<td align=\"left\"><span style=\"font-family: 'Liberation Serif';\">Lepa svetla povr\u0161ina po Elektro poliranju<\/span><\/td>\n<\/tr>\n<\/tbody>\n<\/table>\n\n<\/div><\/div>\n<div class=\"accordion-item\"><a href=\"#\" class=\"accordion-title plain\"><button class=\"toggle\"><i class=\"icon-angle-down\"><\/i><\/button><span>Kvaliteta poliranja<\/span><\/a><div class=\"accordion-inner\">\n<p>Kvaliteta poliranih kosev je zelo odvisna od predobdelave. V primeru da je veliko varov kemi\u010dno poliranje ne daje visoko kvalitetno povr\u0161ino pri varjenih povr\u0161inah \u010de prej ni spolirano ro\u010dno.<\/p>\n<p>Kemi\u010dno poliranje je svetlenje INOX- a kar nam daje efekt KROMA.<\/p>\n<\/div><\/div>\n<div class=\"accordion-item\"><a href=\"#\" class=\"accordion-title plain\"><button class=\"toggle\"><i class=\"icon-angle-down\"><\/i><\/button><span>Velikost kosa<\/span><\/a><div class=\"accordion-inner\">\n<p>Obdelovanec je lahko najve\u010d V =200 , \u0160 = 200 , D=200 mm.<\/p>\n<\/div><\/div>\n<\/div>\n<\/div><\/div>\n<\/div>","protected":false},"excerpt":{"rendered":"","protected":false},"author":1,"featured_media":0,"parent":0,"menu_order":0,"comment_status":"closed","ping_status":"closed","template":"page-blank.php","meta":{"footnotes":""},"_links":{"self":[{"href":"https:\/\/galvanizacija.lampic.si\/en\/wp-json\/wp\/v2\/pages\/786"}],"collection":[{"href":"https:\/\/galvanizacija.lampic.si\/en\/wp-json\/wp\/v2\/pages"}],"about":[{"href":"https:\/\/galvanizacija.lampic.si\/en\/wp-json\/wp\/v2\/types\/page"}],"author":[{"embeddable":true,"href":"https:\/\/galvanizacija.lampic.si\/en\/wp-json\/wp\/v2\/users\/1"}],"replies":[{"embeddable":true,"href":"https:\/\/galvanizacija.lampic.si\/en\/wp-json\/wp\/v2\/comments?post=786"}],"version-history":[{"count":12,"href":"https:\/\/galvanizacija.lampic.si\/en\/wp-json\/wp\/v2\/pages\/786\/revisions"}],"predecessor-version":[{"id":1228,"href":"https:\/\/galvanizacija.lampic.si\/en\/wp-json\/wp\/v2\/pages\/786\/revisions\/1228"}],"wp:attachment":[{"href":"https:\/\/galvanizacija.lampic.si\/en\/wp-json\/wp\/v2\/media?parent=786"}],"curies":[{"name":"wp","href":"https:\/\/api.w.org\/{rel}","templated":true}]}}